{"id":16,"date":"2024-04-19T11:22:55","date_gmt":"2024-04-19T11:22:55","guid":{"rendered":"https:\/\/www.herkanvoima.fi\/?page_id=16"},"modified":"2024-04-19T16:30:15","modified_gmt":"2024-04-19T16:30:15","slug":"herkanvoima-taalla-terve","status":"publish","type":"page","link":"https:\/\/www.herkanvoima.fi\/","title":{"rendered":"L\u00f6yd\u00e4 luonnon hoitava voima"},"content":{"rendered":"\n<p>Kaipaatko arkeesi uutta voimaa ja kest\u00e4v\u00e4\u00e4 hyvinvointia? Herk\u00e4nvoima tarjoaa asiakkaan tarpeisiin r\u00e4\u00e4t\u00e4l\u00f6ityj\u00e4 luontol\u00e4ht\u00f6isi\u00e4 palveluita, jotka pohjautuvat aina tutkittuihin luonnon hyvinvointivaikutuksiin.<\/p>\n\n\n\n<h3 class=\"wp-block-heading\">Herk\u00e4nvoima tarjoaa esimerkiksi<\/h3>\n\n\n\n<ul class=\"wp-block-list\">\n<li>Ty\u00f6hyvinvointipalvelut<\/li>\n\n\n\n<li>Kehonhuolto luontoelementein<\/li>\n\n\n\n<li>Hyvinvointitapahtumat<\/li>\n\n\n\n<li>Mets\u00e4mieli-retket<\/li>\n\n\n\n<li>Ohjaus- ja koulutuspalvelut<\/li>\n<\/ul>\n","protected":false},"excerpt":{"rendered":"<p>Kaipaatko arkeesi uutta voimaa ja kest\u00e4v\u00e4\u00e4 hyvinvointia? Herk\u00e4nvoima tarjoaa asiakkaan tarpeisiin r\u00e4\u00e4t\u00e4l\u00f6ityj\u00e4 luontol\u00e4ht\u00f6isi\u00e4 palveluita, jotka pohjautuvat aina tutkittuihin luonnon hyvinvointivaikutuksiin. Herk\u00e4nvoima tarjoaa esimerkiksi<\/p>\n","protected":false},"author":1,"featured_media":0,"parent":0,"menu_order":0,"comment_status":"closed","ping_status":"closed","template":"","meta":{"footnotes":""},"class_list":["post-16","page","type-page","status-publish","hentry"],"_links":{"self":[{"href":"https:\/\/www.herkanvoima.fi\/index.php?rest_route=\/wp\/v2\/pages\/16","targetHints":{"allow":["GET"]}}],"collection":[{"href":"https:\/\/www.herkanvoima.fi\/index.php?rest_route=\/wp\/v2\/pages"}],"about":[{"href":"https:\/\/www.herkanvoima.fi\/index.php?rest_route=\/wp\/v2\/types\/page"}],"author":[{"embeddable":true,"href":"https:\/\/www.herkanvoima.fi\/index.php?rest_route=\/wp\/v2\/users\/1"}],"replies":[{"embeddable":true,"href":"https:\/\/www.herkanvoima.fi\/index.php?rest_route=%2Fwp%2Fv2%2Fcomments&post=16"}],"version-history":[{"count":7,"href":"https:\/\/www.herkanvoima.fi\/index.php?rest_route=\/wp\/v2\/pages\/16\/revisions"}],"predecessor-version":[{"id":43,"href":"https:\/\/www.herkanvoima.fi\/index.php?rest_route=\/wp\/v2\/pages\/16\/revisions\/43"}],"wp:attachment":[{"href":"https:\/\/www.herkanvoima.fi\/index.php?rest_route=%2Fwp%2Fv2%2Fmedia&parent=16"}],"curies":[{"name":"wp","href":"https:\/\/api.w.org\/{rel}","templated":true}]}}